{"id":29,"date":"2018-07-26T12:13:53","date_gmt":"2018-07-26T19:13:53","guid":{"rendered":"https:\/\/loshunter.net\/dir\/?page_id=29"},"modified":"2019-06-21T21:04:10","modified_gmt":"2019-06-22T04:04:10","slug":"home","status":"publish","type":"page","link":"https:\/\/loshunter.net\/dir\/","title":{"rendered":"Bienvenido de Loshunter Ministries Inc."},"content":{"rendered":"<p><img loading=\"lazy\" decoding=\"async\" class=\"wp-image-110 alignleft\" src=\"https:\/\/loshunter.net\/dir\/wp-content\/uploads\/2018\/09\/Hunter_web-243x300.jpg\" alt=\"\" width=\"130\" height=\"160\" srcset=\"https:\/\/loshunter.net\/dir\/wp-content\/uploads\/2018\/09\/Hunter_web-243x300.jpg 243w, https:\/\/loshunter.net\/dir\/wp-content\/uploads\/2018\/09\/Hunter_web.jpg 336w\" sizes=\"auto, (max-width: 130px) 100vw, 130px\" \/><\/p>\n<p>Bienvenido a loshunter.net. El sitio web fue construido en 2009 como rama de Loshunter Ministries, Inc. La meta es apoyar estudiantes de la Biblia los cuales buscan recursos adicionales que apoyan la confiabilidad de la Santa Biblia. En los \u00faltimos 10 a\u00f1os, sitios parecidos han preliferados. Continuamos con loshunter.net como servicio y v\u00ednculo con mis alumnos del Seminario Evang\u00e9lico Rhema y pastores y obreros de la Iglesia Evang\u00e9lica Pentecostal de Jesucristo en el Per\u00fa.<\/p>\n","protected":false},"excerpt":{"rendered":"<p>Bienvenido a loshunter.net. El sitio web fue construido en 2009 como rama de Loshunter Ministries, Inc. La meta es apoyar estudiantes de la Biblia los cuales buscan recursos adicionales que apoyan la confiabilidad de la&#8230;<\/p>\n","protected":false},"author":1,"featured_media":0,"parent":0,"menu_order":0,"comment_status":"closed","ping_status":"closed","template":"","meta":{"footnotes":""},"class_list":["post-29","page","type-page","status-publish","hentry"],"_links":{"self":[{"href":"https:\/\/loshunter.net\/dir\/wp-json\/wp\/v2\/pages\/29","targetHints":{"allow":["GET"]}}],"collection":[{"href":"https:\/\/loshunter.net\/dir\/wp-json\/wp\/v2\/pages"}],"about":[{"href":"https:\/\/loshunter.net\/dir\/wp-json\/wp\/v2\/types\/page"}],"author":[{"embeddable":true,"href":"https:\/\/loshunter.net\/dir\/wp-json\/wp\/v2\/users\/1"}],"replies":[{"embeddable":true,"href":"https:\/\/loshunter.net\/dir\/wp-json\/wp\/v2\/comments?post=29"}],"version-history":[{"count":9,"href":"https:\/\/loshunter.net\/dir\/wp-json\/wp\/v2\/pages\/29\/revisions"}],"predecessor-version":[{"id":380,"href":"https:\/\/loshunter.net\/dir\/wp-json\/wp\/v2\/pages\/29\/revisions\/380"}],"wp:attachment":[{"href":"https:\/\/loshunter.net\/dir\/wp-json\/wp\/v2\/media?parent=29"}],"curies":[{"name":"wp","href":"https:\/\/api.w.org\/{rel}","templated":true}]}}